{"id":14,"date":"2025-12-29T13:42:26","date_gmt":"2025-12-29T13:42:26","guid":{"rendered":"https:\/\/www.notron.com.tr\/?page_id=14"},"modified":"2026-02-03T08:43:40","modified_gmt":"2026-02-03T08:43:40","slug":"ana-sayfa","status":"publish","type":"page","link":"https:\/\/www.notron.com.tr\/","title":{"rendered":"Ana sayfa"},"content":{"rendered":"\n<div class=\"wp-block-cover alignfull is-light hestia-clear-top-padding\"><span aria-hidden=\"true\" class=\"wp-block-cover__background has-white-background-color has-background-dim-100 has-background-dim\"><\/span><div class=\"wp-block-cover__inner-container is-layout-flow wp-block-cover-is-layout-flow\">\n<h2 class=\"wp-block-heading has-text-align-center has-text-color\" style=\"color:#3c4858\">NELER YAPIYORUZ<\/h2>\n\n\n\n<div style=\"height:40px\" aria-hidden=\"true\" class=\"wp-block-spacer\"><\/div>\n\n\n\n<div class=\"wp-block-columns container is-layout-flex wp-container-core-columns-is-layout-28f84493 wp-block-columns-is-layout-flex\">\n<div class=\"wp-block-column is-layout-flow wp-block-column-is-layout-flow\"><div class=\"wp-block-image\">\n<figure class=\"aligncenter size-large\"><img decoding=\"async\" src=\"https:\/\/www.notron.com.tr\/wp-content\/themes\/hestia\/assets\/img\/feat1.png\" alt=\"\" class=\"wp-image-70\"\/><\/figure>\n<\/div>\n\n\n<h5 class=\"wp-block-heading has-text-align-center has-text-color\" style=\"color:#3c4858;font-size:18px\">OTOMASYON<\/h5>\n\n\n\n<p class=\"has-text-align-center has-text-color\" style=\"color:#999999;font-size:14px\"><\/p>\n\n\n\n<div style=\"height:25px\" aria-hidden=\"true\" class=\"wp-block-spacer\"><\/div>\n<\/div>\n\n\n\n<div class=\"wp-block-column is-layout-flow wp-block-column-is-layout-flow\"><div class=\"wp-block-image\">\n<figure class=\"aligncenter size-large\"><img decoding=\"async\" src=\"https:\/\/www.notron.com.tr\/wp-content\/themes\/hestia\/assets\/img\/feat2.png\" alt=\"\" class=\"wp-image-71\"\/><\/figure>\n<\/div>\n\n\n<h5 class=\"wp-block-heading has-text-align-center has-text-color\" style=\"color:#3c4858;font-size:18px\">SAVUNMA<\/h5>\n\n\n\n<p class=\"has-text-align-center has-text-color\" style=\"color:#999999;font-size:14px\"><\/p>\n\n\n\n<div style=\"height:25px\" aria-hidden=\"true\" class=\"wp-block-spacer\"><\/div>\n<\/div>\n\n\n\n<div class=\"wp-block-column is-layout-flow wp-block-column-is-layout-flow\"><div class=\"wp-block-image\">\n<figure class=\"aligncenter size-large\"><img decoding=\"async\" src=\"https:\/\/www.notron.com.tr\/wp-content\/themes\/hestia\/assets\/img\/feat3.png\" alt=\"\" class=\"wp-image-72\"\/><\/figure>\n<\/div>\n\n\n<h5 class=\"wp-block-heading has-text-align-center has-text-color\" style=\"color:#3c4858;font-size:18px\">METAL VE MAK\u0130NA <\/h5>\n\n\n\n<p class=\"has-text-align-center has-text-color\" style=\"color:#999999;font-size:14px\"><\/p>\n\n\n\n<div style=\"height:25px\" aria-hidden=\"true\" class=\"wp-block-spacer\"><\/div>\n<\/div>\n<\/div>\n\n\n\n<div style=\"height:40px\" aria-hidden=\"true\" class=\"wp-block-spacer\"><\/div>\n<\/div><\/div>\n\n\n\n<div class=\"wp-block-columns container is-layout-flex wp-container-core-columns-is-layout-28f84493 wp-block-columns-is-layout-flex\">\n<div class=\"wp-block-column col-md-5 is-layout-flow wp-block-column-is-layout-flow\">\n<div style=\"height:55px\" aria-hidden=\"true\" class=\"wp-block-spacer\"><\/div>\n\n\n\n<h2 class=\"wp-block-heading\">Hakk\u0131m\u0131zda<\/h2>\n\n\n\n<p>N\u00f6tron, kurucular\u0131n\u0131n yakla\u015f\u0131k 30 y\u0131ll\u0131k ge\u00e7mi\u015f deneyimlerinden yararlanarak geli\u015fen teknolojiler \u0131\u015f\u0131\u011f\u0131nda end\u00fcstriyel kontrol ve otomasyon sistemlerinin yan\u0131 s\u0131ra, savunma sanayi ve metal, makina \u00fcretimi alanlar\u0131nda \u00e7\u00f6z\u00fcmler sunmak amac\u0131 ile %100 yerli sermaye ile 2013 y\u0131l\u0131nda kurulmu\u015ftur.<br>\u00d6zellikle a\u011f\u0131r hizmet tipi proses vin\u00e7 otomasyon ve bile\u015fen ekipmanlar\u0131 konusunda uzmanla\u015fm\u0131\u015f olan teknik personellerimiz ile anahtar teslimi \u00e7\u00f6z\u00fcmler sunmaktay\u0131z.&nbsp;<br>Amac\u0131m\u0131z proje baz\u0131nda anahtar teslimi do\u011fru ve ekonomik \u00e7\u00f6z\u00fcmler sunmak, m\u00fc\u015fteri isteklerinin tam olarak kar\u015f\u0131land\u0131\u011f\u0131 uygulamalar geli\u015ftirmektir. Bu yoldaki \u00f6zenli ve \u00f6zverili \u00e7al\u0131\u015fmalar\u0131m\u0131zla pek \u00e7ok projeyi ba\u015far\u0131yla sonu\u00e7land\u0131rm\u0131\u015f ve \u00f6nemli referanslar edinmi\u015f bulunmaktay\u0131z. Geli\u015fen teknik altyap\u0131m\u0131z ile m\u00fchendislik dikeyinde yapt\u0131\u011f\u0131m\u0131z Ar-Ge yat\u0131r\u0131mlar\u0131 ilerde, alan\u0131m\u0131zda \u00f6nc\u00fc firmalar aras\u0131nda yer almaktay\u0131z.<\/p>\n<\/div>\n<\/div>\n","protected":false},"excerpt":{"rendered":"<p>Hakk\u0131m\u0131zda N\u00f6tron, kurucular\u0131n\u0131n yakla\u015f\u0131k 30 y\u0131ll\u0131k ge\u00e7mi\u015f deneyimlerinden yararlanarak geli\u015fen teknolojiler \u0131\u015f\u0131\u011f\u0131nda end\u00fcstriyel kontrol ve otomasyon sistemlerinin yan\u0131 s\u0131ra, savunma sanayi ve metal, makina \u00fcretimi alanlar\u0131nda \u00e7\u00f6z\u00fcmler sunmak amac\u0131 ile %100 yerli sermaye ile 2013 y\u0131l\u0131nda kurulmu\u015ftur.\u00d6zellikle a\u011f\u0131r hizmet tipi proses vin\u00e7 otomasyon ve bile\u015fen ekipmanlar\u0131 konusunda uzmanla\u015fm\u0131\u015f olan teknik [&hellip;]<\/p>\n","protected":false},"author":1,"featured_media":60,"parent":0,"menu_order":0,"comment_status":"closed","ping_status":"closed","template":"","meta":{"_themeisle_gutenberg_block_has_review":false,"footnotes":""},"class_list":["post-14","page","type-page","status-publish","has-post-thumbnail","hentry"],"_links":{"self":[{"href":"https:\/\/www.notron.com.tr\/index.php?rest_route=\/wp\/v2\/pages\/14","targetHints":{"allow":["GET"]}}],"collection":[{"href":"https:\/\/www.notron.com.tr\/index.php?rest_route=\/wp\/v2\/pages"}],"about":[{"href":"https:\/\/www.notron.com.tr\/index.php?rest_route=\/wp\/v2\/types\/page"}],"author":[{"embeddable":true,"href":"https:\/\/www.notron.com.tr\/index.php?rest_route=\/wp\/v2\/users\/1"}],"replies":[{"embeddable":true,"href":"https:\/\/www.notron.com.tr\/index.php?rest_route=%2Fwp%2Fv2%2Fcomments&post=14"}],"version-history":[{"count":6,"href":"https:\/\/www.notron.com.tr\/index.php?rest_route=\/wp\/v2\/pages\/14\/revisions"}],"predecessor-version":[{"id":495,"href":"https:\/\/www.notron.com.tr\/index.php?rest_route=\/wp\/v2\/pages\/14\/revisions\/495"}],"wp:featuredmedia":[{"embeddable":true,"href":"https:\/\/www.notron.com.tr\/index.php?rest_route=\/wp\/v2\/media\/60"}],"wp:attachment":[{"href":"https:\/\/www.notron.com.tr\/index.php?rest_route=%2Fwp%2Fv2%2Fmedia&parent=14"}],"curies":[{"name":"wp","href":"https:\/\/api.w.org\/{rel}","templated":true}]}}