{"id":457,"date":"2026-02-02T18:45:09","date_gmt":"2026-02-02T18:45:09","guid":{"rendered":"https:\/\/www.notron.com.tr\/?page_id=457"},"modified":"2026-02-04T13:37:30","modified_gmt":"2026-02-04T13:37:30","slug":"savunma","status":"publish","type":"page","link":"https:\/\/www.notron.com.tr\/?page_id=457","title":{"rendered":"SAVUNMA"},"content":{"rendered":"\n<p>Firmam\u0131z, savunma sanayinin y\u00fcksek kalite, g\u00fcvenlik ve s\u00fcrd\u00fcr\u00fclebilirlik gereksinimlerini esas alarak <strong>tasar\u0131m, \u00fcretim, entegrasyon ve sistem \u00e7\u00f6z\u00fcmleri<\/strong> sunmaktad\u0131r. Yerli ve milli \u00fcretim vizyonu do\u011frultusunda, kritik projelerde g\u00fcvenilir bir \u00e7\u00f6z\u00fcm orta\u011f\u0131 olmay\u0131 hedefliyoruz.<\/p>\n\n\n\n<p>Alan\u0131nda uzman m\u00fchendis kadromuz ve modern \u00fcretim altyap\u0131m\u0131z ile savunma sanayine y\u00f6nelik <strong>y\u00fcksek hassasiyetli, dayan\u0131kl\u0131 ve standartlara tam uyumlu<\/strong> \u00e7\u00f6z\u00fcmler geli\u015ftiriyoruz.<\/p>\n\n\n\n<hr class=\"wp-block-separator has-alpha-channel-opacity\"\/>\n\n\n\n<h2 class=\"wp-block-heading\">Uzmanl\u0131k Alanlar\u0131m\u0131z<\/h2>\n\n\n\n<ul class=\"wp-block-list\">\n<li>Ak\u0131ll\u0131 g\u00fc\u00e7 da\u011f\u0131t\u0131m sistemleri<\/li>\n\n\n\n<li>Askeri tip kablolar<\/li>\n\n\n\n<li>Y\u00fck Bankalar\u0131<\/li>\n<\/ul>\n\n\n\n<p>T\u00fcm s\u00fcre\u00e7lerimiz, <strong>askeri standartlar, kalite y\u00f6netim sistemleri ve gizlilik esaslar\u0131<\/strong> \u00e7er\u00e7evesinde y\u00fcr\u00fct\u00fclmektedir<\/p>\n\n\n\n<p><\/p>\n\n\n\n<div id=\"wp-block-themeisle-blocks-slider-b7af517e\" class=\"wp-block-themeisle-blocks-slider glide\" data-per-view=\"1\" data-gap=\"0\" data-peek=\"0\" data-autoplay=\"true\" data-height=\"400px\" data-hide-arrows=\"false\"><div class=\"glide__track\" data-glide-el=\"track\"><div class=\"glide__slides\"><div class=\"wp-block-themeisle-blocks-slider-item-wrapper glide__slide\" tabindex=\"0\"><figure><img decoding=\"async\" class=\"wp-block-themeisle-blocks-slider-item\" src=\"https:\/\/www.notron.com.tr\/wp-content\/uploads\/2026\/02\/1-2.jpg\" alt=\"\" title=\"\" data-id=\"709\"\/><\/figure><\/div><div class=\"wp-block-themeisle-blocks-slider-item-wrapper glide__slide\" tabindex=\"0\"><figure><img decoding=\"async\" class=\"wp-block-themeisle-blocks-slider-item\" src=\"https:\/\/www.notron.com.tr\/wp-content\/uploads\/2026\/02\/el-programlama-unitesi-e1582059444324-1.jpg\" alt=\"\" title=\"\" data-id=\"712\"\/><\/figure><\/div><div class=\"wp-block-themeisle-blocks-slider-item-wrapper glide__slide\" tabindex=\"0\"><figure><img decoding=\"async\" class=\"wp-block-themeisle-blocks-slider-item\" src=\"https:\/\/www.notron.com.tr\/wp-content\/uploads\/2026\/02\/evirici-e1582059767448-2-1.jpg\" alt=\"\" title=\"\" data-id=\"708\"\/><\/figure><\/div><div class=\"wp-block-themeisle-blocks-slider-item-wrapper glide__slide\" tabindex=\"0\"><figure><img decoding=\"async\" class=\"wp-block-themeisle-blocks-slider-item\" src=\"https:\/\/www.notron.com.tr\/wp-content\/uploads\/2026\/02\/IMG_20200205_140215-scaled-2-1.jpg\" alt=\"\" title=\"\" data-id=\"710\"\/><\/figure><\/div><div class=\"wp-block-themeisle-blocks-slider-item-wrapper glide__slide\" tabindex=\"0\"><figure><img decoding=\"async\" class=\"wp-block-themeisle-blocks-slider-item\" src=\"https:\/\/www.notron.com.tr\/wp-content\/uploads\/2026\/02\/IMG_20200205_140559-scaled-2-1.jpg\" alt=\"\" title=\"\" data-id=\"711\"\/><\/figure><\/div><\/div><div class=\"glide__bullets\" data-glide-el=\"controls[nav]\"><button class=\"glide__bullet\" data-glide-dir=\"=0\"><\/button><button class=\"glide__bullet\" data-glide-dir=\"=1\"><\/button><button class=\"glide__bullet\" data-glide-dir=\"=2\"><\/button><button class=\"glide__bullet\" data-glide-dir=\"=3\"><\/button><button class=\"glide__bullet\" data-glide-dir=\"=4\"><\/button><\/div><\/div><\/div>\n","protected":false},"excerpt":{"rendered":"<p>Firmam\u0131z, savunma sanayinin y\u00fcksek kalite, g\u00fcvenlik ve s\u00fcrd\u00fcr\u00fclebilirlik gereksinimlerini esas alarak tasar\u0131m, \u00fcretim, entegrasyon ve sistem \u00e7\u00f6z\u00fcmleri sunmaktad\u0131r. Yerli ve milli \u00fcretim vizyonu do\u011frultusunda, kritik projelerde g\u00fcvenilir bir \u00e7\u00f6z\u00fcm orta\u011f\u0131 olmay\u0131 hedefliyoruz. Alan\u0131nda uzman m\u00fchendis kadromuz ve modern \u00fcretim altyap\u0131m\u0131z ile savunma sanayine y\u00f6nelik y\u00fcksek hassasiyetli, dayan\u0131kl\u0131 ve standartlara tam [&hellip;]<\/p>\n","protected":false},"author":1,"featured_media":0,"parent":0,"menu_order":0,"comment_status":"closed","ping_status":"closed","template":"","meta":{"_themeisle_gutenberg_block_has_review":false,"footnotes":""},"class_list":["post-457","page","type-page","status-publish","hentry"],"_links":{"self":[{"href":"https:\/\/www.notron.com.tr\/index.php?rest_route=\/wp\/v2\/pages\/457","targetHints":{"allow":["GET"]}}],"collection":[{"href":"https:\/\/www.notron.com.tr\/index.php?rest_route=\/wp\/v2\/pages"}],"about":[{"href":"https:\/\/www.notron.com.tr\/index.php?rest_route=\/wp\/v2\/types\/page"}],"author":[{"embeddable":true,"href":"https:\/\/www.notron.com.tr\/index.php?rest_route=\/wp\/v2\/users\/1"}],"replies":[{"embeddable":true,"href":"https:\/\/www.notron.com.tr\/index.php?rest_route=%2Fwp%2Fv2%2Fcomments&post=457"}],"version-history":[{"count":3,"href":"https:\/\/www.notron.com.tr\/index.php?rest_route=\/wp\/v2\/pages\/457\/revisions"}],"predecessor-version":[{"id":713,"href":"https:\/\/www.notron.com.tr\/index.php?rest_route=\/wp\/v2\/pages\/457\/revisions\/713"}],"wp:attachment":[{"href":"https:\/\/www.notron.com.tr\/index.php?rest_route=%2Fwp%2Fv2%2Fmedia&parent=457"}],"curies":[{"name":"wp","href":"https:\/\/api.w.org\/{rel}","templated":true}]}}