{"id":465,"date":"2026-02-02T19:07:59","date_gmt":"2026-02-02T19:07:59","guid":{"rendered":"https:\/\/www.notron.com.tr\/?page_id=465"},"modified":"2026-02-02T19:58:40","modified_gmt":"2026-02-02T19:58:40","slug":"iletisim-2","status":"publish","type":"page","link":"https:\/\/www.notron.com.tr\/?page_id=465","title":{"rendered":"\u0130LET\u0130\u015e\u0130M"},"content":{"rendered":"\n<h2 class=\"wp-block-heading\"><\/h2>\n\n\n\n<p><\/p>\n\n\n\n<hr class=\"wp-block-separator has-alpha-channel-opacity\"\/>\n\n\n\n<h3 class=\"wp-block-heading\">\ud83d\udcde \u0130LET\u0130\u015e\u0130M<\/h3>\n\n\n\n<p>\ud83c\udfe2 <\/p>\n\n\n\n<p><strong>N\u00f6tron Savunma Sanayi Teknolojileri Ve End\u00fcstriyel Elektrik Elektronik San. Tic. Ltd .\u015eti<\/strong><\/p>\n\n\n\n<p>\ud83d\udccd <strong>Adres<\/strong><br><a href=\"https:\/\/www.google.com\/maps\/place\/\/data=!4m2!3m1!1s0x14d3492ad799ea5f:0xb5745e08cc925e45?sa=X&amp;ved=1t:8290&amp;ictx=111\">Mal\u0131k\u00f6y Ba\u015fkent OSB, 28. Cd. No:2 <\/a><br><a href=\"https:\/\/www.google.com\/maps\/place\/\/data=!4m2!3m1!1s0x14d3492ad799ea5f:0xb5745e08cc925e45?sa=X&amp;ved=1t:8290&amp;ictx=111\">06909 Sincan\/Ankara<\/a><\/p>\n\n\n\n<p>\ud83d\udcde <strong>Telefon<\/strong><br>+90 ( 312 ) 395 02 20<\/p>\n\n\n\n<p>\u2709\ufe0f <strong>E-posta<\/strong><br><a>info@notron.com.tr<\/a><\/p>\n\n\n\n<p>\ud83d\udd58 <strong>\u00c7al\u0131\u015fma Saatleri<\/strong><br>Pazartesi \u2013 Cuma | 08:00 \u2013 17:30<\/p>\n","protected":false},"excerpt":{"rendered":"<p>\ud83d\udcde \u0130LET\u0130\u015e\u0130M \ud83c\udfe2 N\u00f6tron Savunma Sanayi Teknolojileri Ve End\u00fcstriyel Elektrik Elektronik San. Tic. Ltd .\u015eti \ud83d\udccd AdresMal\u0131k\u00f6y Ba\u015fkent OSB, 28. Cd. No:2 06909 Sincan\/Ankara \ud83d\udcde Telefon+90 ( 312 ) 395 02 20 \u2709\ufe0f E-postainfo@notron.com.tr \ud83d\udd58 \u00c7al\u0131\u015fma SaatleriPazartesi \u2013 Cuma | 08:00 \u2013 17:30<\/p>\n","protected":false},"author":1,"featured_media":0,"parent":0,"menu_order":0,"comment_status":"closed","ping_status":"closed","template":"","meta":{"_themeisle_gutenberg_block_has_review":false,"footnotes":""},"class_list":["post-465","page","type-page","status-publish","hentry"],"_links":{"self":[{"href":"https:\/\/www.notron.com.tr\/index.php?rest_route=\/wp\/v2\/pages\/465","targetHints":{"allow":["GET"]}}],"collection":[{"href":"https:\/\/www.notron.com.tr\/index.php?rest_route=\/wp\/v2\/pages"}],"about":[{"href":"https:\/\/www.notron.com.tr\/index.php?rest_route=\/wp\/v2\/types\/page"}],"author":[{"embeddable":true,"href":"https:\/\/www.notron.com.tr\/index.php?rest_route=\/wp\/v2\/users\/1"}],"replies":[{"embeddable":true,"href":"https:\/\/www.notron.com.tr\/index.php?rest_route=%2Fwp%2Fv2%2Fcomments&post=465"}],"version-history":[{"count":4,"href":"https:\/\/www.notron.com.tr\/index.php?rest_route=\/wp\/v2\/pages\/465\/revisions"}],"predecessor-version":[{"id":474,"href":"https:\/\/www.notron.com.tr\/index.php?rest_route=\/wp\/v2\/pages\/465\/revisions\/474"}],"wp:attachment":[{"href":"https:\/\/www.notron.com.tr\/index.php?rest_route=%2Fwp%2Fv2%2Fmedia&parent=465"}],"curies":[{"name":"wp","href":"https:\/\/api.w.org\/{rel}","templated":true}]}}